{"id":1421,"date":"2016-05-11T20:59:28","date_gmt":"2016-05-11T18:59:28","guid":{"rendered":"http:\/\/cvjm-joellenbeck.de\/wp\/?page_id=1421"},"modified":"2026-01-20T09:51:11","modified_gmt":"2026-01-20T08:51:11","slug":"people","status":"publish","type":"page","link":"https:\/\/cvjm-joellenbeck.de\/wp\/gruppenarbeit\/people\/","title":{"rendered":"people"},"content":{"rendered":"<p><div class=\"fusion-fullwidth fullwidth-box fusion-builder-row-1 nonhundred-percent-fullwidth non-hundred-percent-height-scrolling\" style=\"--awb-background-position:left top;--awb-border-sizes-top:0px;--awb-border-sizes-bottom:0px;--awb-border-sizes-left:0px;--awb-border-sizes-right:0px;--awb-border-color:#f6f6f6;--awb-border-radius-top-left:0px;--awb-border-radius-top-right:0px;--awb-border-radius-bottom-right:0px;--awb-border-radius-bottom-left:0px;--awb-padding-top:65px;--awb-padding-right:0px;--awb-padding-bottom:5px;--awb-padding-left:0px;--awb-flex-wrap:wrap;\" ><div class=\"fusion-builder-row fusion-row\"><div class=\"fusion-layout-column fusion_builder_column fusion-builder-column-0 fusion_builder_column_1_1 1_1 fusion-one-full fusion-column-first fusion-column-last\" style=\"--awb-bg-blend:overlay;--awb-bg-size:cover;\"><div class=\"fusion-column-wrapper fusion-flex-column-wrapper-legacy\"><div class=\"fusion-title title fusion-title-1 fusion-title-text fusion-title-size-one\"><h1 class=\"fusion-title-heading title-heading-left fusion-responsive-typography-calculated\" style=\"margin:0;--fontSize:56;line-height:1.79;\"><h1>people &#8211; die Gruppe f\u00fcr Teens<\/h1><\/h1><span class=\"awb-title-spacer\"><\/span><div class=\"title-sep-container\"><div class=\"title-sep sep-single sep-solid\" style=\"border-color:#ff0038;\"><\/div><\/div><\/div><div class=\"fusion-clearfix\"><\/div><\/div><\/div><div class=\"fusion-layout-column fusion_builder_column fusion-builder-column-1 fusion_builder_column_3_5 3_5 fusion-three-fifth fusion-column-first\" style=\"--awb-bg-blend:overlay;--awb-bg-size:cover;width:58.4%; margin-right: 4%;\"><div class=\"fusion-column-wrapper fusion-flex-column-wrapper-legacy\"><div class=\"fusion-reading-box-container reading-box-container-1\" style=\"--awb-title-color:#333333;--awb-margin-top:0px;--awb-margin-bottom:84px;\"><div class=\"reading-box\" style=\"background-color:#f6f6f6;border-width:1px;border-color:#f6f6f6;border-top-width:3px;border-top-color:var(--primary_color);border-style:solid;\"><div class=\"reading-box-description\">M\u00e4dchen und Jungen von 13-15 Jahren<br \/>\nDienstags von 19.00 - 20.30 Uhr<\/div><div class=\"fusion-clearfix\"><\/div><\/div><svg style=\"opacity:0.7;\" xmlns=\"http:\/\/www.w3.org\/2000\/svg\" version=\"1.1\" width=\"100%\" viewBox=\"0 0 600 28\" preserveAspectRatio=\"none\"><g clip-path=\"url(#a)\"><mask id=\"b\" style=\"mask-type:luminance\" maskUnits=\"userSpaceOnUse\" x=\"0\" y=\"0\" width=\"600\" height=\"28\"><path d=\"M0 0h600v28H0V0Z\" fill=\"#fff\"\/><\/mask><g filter=\"url(#c)\" mask=\"url(#b)\"><path d=\"M16.439-18.667h567.123v30.8S438.961-8.4 300-8.4C161.04-8.4 16.438 12.133 16.438 12.133v-30.8Z\" fill=\"#000\"\/><\/g><\/g><defs><clipPath id=\"a\"><path fill=\"#fff\" d=\"M0 0h600v28H0z\"\/><\/clipPath><filter id=\"c\" x=\"5.438\" y=\"-29.667\" width=\"589.123\" height=\"52.8\" filterUnits=\"userSpaceOnUse\" color-interpolation-filters=\"sRGB\"><feFlood flood-opacity=\"0\" result=\"BackgroundImageFix\"\/><feBlend in=\"SourceGraphic\" in2=\"BackgroundImageFix\" result=\"shape\"\/><feGaussianBlur stdDeviation=\"5.5\" result=\"effect1_foregroundBlur_3983_183\"\/><\/filter><\/defs><\/svg><\/div><div class=\"fusion-text fusion-text-1\"><p>Hallo und herzlich willkommen bei unsere Jugendgruppe <em>people<\/em> f\u00fcr Jugendliche im Alter von 13 bis 15 Jahren.<\/p>\n<p>Hier treffen wir uns jeden Dienstag um Gemeinschaft zu erleben, zu spielen und Glauben zu erleben. Egal ob Filmabende, Kreativangebote, Sport, Ausfl\u00fcge oder Showabende, bei uns ist f\u00fcr jeden etwas dabei. Ab 18 Uhr ist lockeres Ankommen, inklusive Gesellschaftsspielen, Billard, Kicker, etc.. Das Programm startet um 19 Uhr und endet gegen 20:30. Kommt gerne vorbei, wir freuen uns auf euch!<\/p>\n<\/div><div class=\"fusion-text fusion-text-2\"><\/div><div class=\"fusion-clearfix\"><\/div><\/div><\/div><div class=\"fusion-layout-column fusion_builder_column fusion-builder-column-2 fusion_builder_column_2_5 2_5 fusion-two-fifth fusion-column-last\" style=\"--awb-bg-blend:overlay;--awb-bg-size:cover;width:37.6%;\"><div class=\"fusion-column-wrapper fusion-flex-column-wrapper-legacy\"><div class=\"fusion-align-block\"><a class=\"fusion-button button-flat fusion-button-default-size button-default fusion-button-default button-1 fusion-button-default-span fusion-button-default-type\" style=\"width:calc(100%);\" target=\"_self\"><span class=\"fusion-button-text awb-button__text awb-button__text--default\">Ansprechpartner<\/span><\/a><\/div><div class=\"fusion-person person fusion-person-center fusion-person-1 fusion-person-icon-top\" style=\"--awb-pic-style-color:#000000;--awb-pic-borderradius:0px;--awb-margin-top:0px;--awb-margin-right:0px;--awb-margin-bottom:0px;--awb-margin-left:0px;\"><div class=\"person-shortcode-image-wrapper\"><div class=\"person-image-container hover-type-none\" style=\"border:0px solid #f6f6f6;-webkit-border-radius:0px;-moz-border-radius:0px;border-radius:0px;\"><img decoding=\"async\" class=\"person-img img-responsive wp-image-7851\" width=\"300\" height=\"300\" src=\"https:\/\/cvjm-joellenbeck.de\/wp\/wp-content\/uploads\/2024\/03\/IMG_1820-300x300.jpg\" alt=\"Sebastian Pott\" srcset=\"https:\/\/cvjm-joellenbeck.de\/wp\/wp-content\/uploads\/2024\/03\/IMG_1820-200x200.jpg 200w, https:\/\/cvjm-joellenbeck.de\/wp\/wp-content\/uploads\/2024\/03\/IMG_1820-400x400.jpg 400w, https:\/\/cvjm-joellenbeck.de\/wp\/wp-content\/uploads\/2024\/03\/IMG_1820-600x600.jpg 600w, https:\/\/cvjm-joellenbeck.de\/wp\/wp-content\/uploads\/2024\/03\/IMG_1820-800x800.jpg 800w, https:\/\/cvjm-joellenbeck.de\/wp\/wp-content\/uploads\/2024\/03\/IMG_1820-1200x1200.jpg 1200w, https:\/\/cvjm-joellenbeck.de\/wp\/wp-content\/uploads\/2024\/03\/IMG_1820.jpg 1512w\" sizes=\"(max-width: 800px) 100vw, 800px\" \/><\/div><\/div><div class=\"person-desc\" style=\"background-color:#f7f7f7;padding:40px;margin-top:0;\"><div class=\"person-author\"><div class=\"person-author-wrapper\"><span class=\"person-name\">Sebastian Pott<\/span><span class=\"person-title\">Gruppenleitung<\/span><\/div><\/div><div class=\"person-content fusion-clearfix\">Telefon: 05206 \/ 917946 <\/div><\/div><\/div>\n<div class=\"wpcf7 no-js\" id=\"wpcf7-f1732-o1\" lang=\"de-DE\" dir=\"ltr\" data-wpcf7-id=\"1732\">\n<div class=\"screen-reader-response\"><p role=\"status\" aria-live=\"polite\" aria-atomic=\"true\"><\/p> <ul><\/ul><\/div>\n<form action=\"\/wp\/wp-json\/wp\/v2\/pages\/1421#wpcf7-f1732-o1\" method=\"post\" class=\"wpcf7-form init\" aria-label=\"Kontaktformular\" novalidate=\"novalidate\" data-status=\"init\">\n<fieldset class=\"hidden-fields-container\"><input type=\"hidden\" name=\"_wpcf7\" value=\"1732\" \/><input type=\"hidden\" name=\"_wpcf7_version\" value=\"6.1.4\" \/><input type=\"hidden\" name=\"_wpcf7_locale\" value=\"de_DE\" \/><input type=\"hidden\" name=\"_wpcf7_unit_tag\" value=\"wpcf7-f1732-o1\" \/><input type=\"hidden\" name=\"_wpcf7_container_post\" value=\"0\" \/><input type=\"hidden\" name=\"_wpcf7_posted_data_hash\" value=\"\" \/>\n<\/fieldset>\n<p>Ihr Name (Pflichtfeld)\n<\/p>\n<p><span class=\"wpcf7-form-control-wrap\" data-name=\"your-name\"><input size=\"40\" maxlength=\"400\" class=\"wpcf7-form-control wpcf7-text wpcf7-validates-as-required\" aria-required=\"true\" aria-invalid=\"false\" value=\"\" type=\"text\" name=\"your-name\" \/><\/span>\n<\/p>\n<p>Ihre E-Mail-Adresse (Pflichtfeld)\n<\/p>\n<p><span class=\"wpcf7-form-control-wrap\" data-name=\"your-email\"><input size=\"40\" maxlength=\"400\" class=\"wpcf7-form-control wpcf7-email wpcf7-validates-as-required wpcf7-text wpcf7-validates-as-email\" aria-required=\"true\" aria-invalid=\"false\" value=\"\" type=\"email\" name=\"your-email\" \/><\/span>\n<\/p>\n<p><span id=\"wpcf7-69eca1106a0bb-wrapper\" class=\"wpcf7-form-control-wrap Strasse-wrap\" style=\"display:none !important; visibility:hidden !important;\"><label for=\"wpcf7-69eca1106a0bb-field\" class=\"hp-message\">Bitte lasse dieses Feld leer.<\/label><input id=\"wpcf7-69eca1106a0bb-field\"  class=\"wpcf7-form-control wpcf7-text\" type=\"text\" name=\"Strasse\" value=\"\" size=\"40\" tabindex=\"-1\" autocomplete=\"new-password\" \/><\/span>\n<\/p>\n<p>Betreff\n<\/p>\n<p><span class=\"wpcf7-form-control-wrap\" data-name=\"your-subject\"><input size=\"40\" maxlength=\"400\" class=\"wpcf7-form-control wpcf7-text\" aria-invalid=\"false\" value=\"\" type=\"text\" name=\"your-subject\" \/><\/span>\n<\/p>\n<p>Ihre Nachricht\n<\/p>\n<p><span class=\"wpcf7-form-control-wrap\" data-name=\"your-message\"><textarea cols=\"40\" rows=\"10\" maxlength=\"2000\" class=\"wpcf7-form-control wpcf7-textarea\" aria-invalid=\"false\" name=\"your-message\"><\/textarea><\/span>\n<\/p>\n<p><input class=\"wpcf7-form-control wpcf7-submit has-spinner\" type=\"submit\" value=\"Senden\" \/>\n<\/p><div class=\"fusion-alert alert custom alert-custom fusion-alert-center wpcf7-response-output awb-alert-native-link-color alert-dismissable awb-alert-close-boxed\" style=\"--awb-border-size:1px;--awb-border-top-left-radius:0px;--awb-border-top-right-radius:0px;--awb-border-bottom-left-radius:0px;--awb-border-bottom-right-radius:0px;\" role=\"alert\"><div class=\"fusion-alert-content-wrapper\"><span class=\"fusion-alert-content\"><\/span><\/div><button type=\"button\" class=\"close toggle-alert\" data-dismiss=\"alert\" aria-label=\"Close\">&times;<\/button><\/div>\n<\/form>\n<\/div>\n<div class=\"fusion-clearfix\"><\/div><\/div><\/div><\/div><\/div><div class=\"fusion-fullwidth fullwidth-box fusion-builder-row-2 hundred-percent-fullwidth non-hundred-percent-height-scrolling\" style=\"--awb-border-radius-top-left:0px;--awb-border-radius-top-right:0px;--awb-border-radius-bottom-right:0px;--awb-border-radius-bottom-left:0px;--awb-overflow:visible;--awb-margin-top:-10px;--awb-background-color:rgba(255,255,255,0);--awb-flex-wrap:wrap;\" ><div class=\"fusion-builder-row fusion-row\"><div class=\"fusion-layout-column fusion_builder_column fusion-builder-column-3 fusion_builder_column_1_1 1_1 fusion-one-full fusion-column-first fusion-column-last fusion-column-no-min-height\" style=\"--awb-bg-blend:overlay;--awb-bg-size:cover;\"><div class=\"fusion-column-wrapper fusion-flex-column-wrapper-legacy\"><div class=\"fusion-sep-clear\"><\/div><div class=\"fusion-separator fusion-full-width-sep\" style=\"margin-left: auto;margin-right: auto;width:100%;\"><div class=\"fusion-separator-border sep-single sep-solid\" style=\"--awb-height:20px;--awb-amount:20px;border-color:#ff0038;border-top-width:1px;\"><\/div><\/div><div class=\"fusion-sep-clear\"><\/div><div class=\"fusion-clearfix\"><\/div><\/div><\/div><\/div><\/div><div class=\"fusion-fullwidth fullwidth-box fusion-builder-row-3 nonhundred-percent-fullwidth non-hundred-percent-height-scrolling\" style=\"--awb-background-position:left top;--awb-border-sizes-top:0px;--awb-border-sizes-bottom:0px;--awb-border-sizes-left:0px;--awb-border-sizes-right:0px;--awb-border-radius-top-left:0px;--awb-border-radius-top-right:0px;--awb-border-radius-bottom-right:0px;--awb-border-radius-bottom-left:0px;--awb-padding-top:20px;--awb-padding-bottom:20px;--awb-flex-wrap:wrap;\" ><div class=\"fusion-builder-row fusion-row\"><div class=\"fusion-layout-column fusion_builder_column fusion-builder-column-4 fusion_builder_column_1_1 1_1 fusion-one-full fusion-column-first fusion-column-last\" style=\"--awb-bg-blend:overlay;--awb-bg-size:cover;\"><div class=\"fusion-column-wrapper fusion-flex-column-wrapper-legacy\"><div class=\"fusion-text fusion-text-3\"><h3>Letzte Beitr\u00e4ge<\/h3>\n<\/div><div class=\"fusion-recent-posts fusion-recent-posts-1 avada-container layout-thumbnails-on-side layout-columns-4\"><section class=\"fusion-columns columns fusion-columns-4 columns-4\"><article class=\"post fusion-column column col col-lg-3 col-md-3 col-sm-3\"><div class=\"fusion-flexslider fusion-flexslider-loading flexslider floated-slideshow flexslider-hover-type-zoomin\"><ul class=\"slides\"><li><a href=\"https:\/\/cvjm-joellenbeck.de\/wp\/einsegnung-neuer-mitarbeiterinnen\/\" aria-label=\"Einsegnung neuer Mitarbeiter:innen\" class=\"hover-type-zoomin\"><img decoding=\"async\" width=\"177\" height=\"142\" src=\"https:\/\/cvjm-joellenbeck.de\/wp\/wp-content\/uploads\/2026\/03\/2026-03-Einsegnung-mak-e1774523216701-177x142.jpg\" class=\"attachment-portfolio-five size-portfolio-five\" alt=\"\" \/><\/a><\/li><\/ul><\/div><div class=\"recent-posts-content\"><span class=\"vcard\" style=\"display: none;\"><span class=\"fn\"><a href=\"https:\/\/cvjm-joellenbeck.de\/wp\/author\/kerstin-stoll\/\" title=\"Beitr\u00e4ge von Kerstin Stoll\" rel=\"author\">Kerstin Stoll<\/a><\/span><\/span><span class=\"updated\" style=\"display:none;\">2026-03-26T12:12:00+01:00<\/span><h4 class=\"entry-title\"><a href=\"https:\/\/cvjm-joellenbeck.de\/wp\/einsegnung-neuer-mitarbeiterinnen\/\">Einsegnung neuer Mitarbeiter:innen<\/a><\/h4><p class=\"meta\"><span class=\"vcard\" style=\"display: none;\"><span class=\"fn\"><a href=\"https:\/\/cvjm-joellenbeck.de\/wp\/author\/kerstin-stoll\/\" title=\"Beitr\u00e4ge von Kerstin Stoll\" rel=\"author\">Kerstin Stoll<\/a><\/span><\/span><span class=\"updated\" style=\"display:none;\">2026-03-26T12:12:00+01:00<\/span><span>26.03.2026<\/span><span class=\"fusion-inline-sep\">|<\/span><span class=\"fusion-comments\"><a href=\"https:\/\/cvjm-joellenbeck.de\/wp\/einsegnung-neuer-mitarbeiterinnen\/#respond\">0 Comments<\/a><\/span><\/p><p>Am 23.03. fand im Zuge unseres Mitarbeitendenkreises unsere halbj\u00e4hrliche Einsegnung der neuen ehrenamtlichen UND dieses Mal auch hauptamtlichen Mitarbeitenden statt. In unserem gro\u00dfen feierlich geschm\u00fcckten Saal haben wir gemeinsam mit 21 Mitarbeitenden aus Vorstand, Gruppenarbeit<a href=\"https:\/\/cvjm-joellenbeck.de\/wp\/einsegnung-neuer-mitarbeiterinnen\/\"> [...]<\/a><\/p><\/div><\/article><article class=\"post fusion-column column col col-lg-3 col-md-3 col-sm-3\"><div class=\"fusion-flexslider fusion-flexslider-loading flexslider floated-slideshow flexslider-hover-type-zoomin\"><ul class=\"slides\"><li><a href=\"https:\/\/cvjm-joellenbeck.de\/wp\/ahoi-an-board-im-cvjm-joellenbeck\/\" aria-label=\"Ahoi an Board Jonas L\u00fccking!\" class=\"hover-type-zoomin\"><img decoding=\"async\" width=\"177\" height=\"142\" src=\"https:\/\/cvjm-joellenbeck.de\/wp\/wp-content\/uploads\/2026\/01\/2026-01-07-willkommen-jonas-177x142.jpg\" class=\"attachment-portfolio-five size-portfolio-five\" alt=\"\" \/><\/a><\/li><\/ul><\/div><div class=\"recent-posts-content\"><span class=\"vcard\" style=\"display: none;\"><span class=\"fn\"><a href=\"https:\/\/cvjm-joellenbeck.de\/wp\/author\/kerstin-stoll\/\" title=\"Beitr\u00e4ge von Kerstin Stoll\" rel=\"author\">Kerstin Stoll<\/a><\/span><\/span><span class=\"updated\" style=\"display:none;\">2026-01-21T21:43:19+01:00<\/span><h4 class=\"entry-title\"><a href=\"https:\/\/cvjm-joellenbeck.de\/wp\/ahoi-an-board-im-cvjm-joellenbeck\/\">Ahoi an Board Jonas L\u00fccking!<\/a><\/h4><p class=\"meta\"><span class=\"vcard\" style=\"display: none;\"><span class=\"fn\"><a href=\"https:\/\/cvjm-joellenbeck.de\/wp\/author\/kerstin-stoll\/\" title=\"Beitr\u00e4ge von Kerstin Stoll\" rel=\"author\">Kerstin Stoll<\/a><\/span><\/span><span class=\"updated\" style=\"display:none;\">2026-01-21T21:43:19+01:00<\/span><span>21.01.2026<\/span><span class=\"fusion-inline-sep\">|<\/span><span class=\"fusion-comments\"><a href=\"https:\/\/cvjm-joellenbeck.de\/wp\/ahoi-an-board-im-cvjm-joellenbeck\/#respond\">0 Comments<\/a><\/span><\/p><p>\u00a0 Der erste Arbeitstag von Jonas startete mit einem Willkommensfr\u00fchst\u00fcck im CVJM Haus. Mitarbeitende aus der Jugendarbeit und Ehrenamtliche aus dem Vorstand begr\u00fc\u00dften den neuen Jugendreferenten. Jonas L\u00fccking arbeitet im Bereich der Offenen T\u00fcr (OT-Arbeit)<a href=\"https:\/\/cvjm-joellenbeck.de\/wp\/ahoi-an-board-im-cvjm-joellenbeck\/\"> [...]<\/a><\/p><\/div><\/article><article class=\"post fusion-column column col col-lg-3 col-md-3 col-sm-3\"><div class=\"fusion-flexslider fusion-flexslider-loading flexslider floated-slideshow flexslider-hover-type-zoomin\"><ul class=\"slides\"><li><a href=\"https:\/\/cvjm-joellenbeck.de\/wp\/trotz-minusgraden-tannenbaumaktion-erfolgreich\/\" aria-label=\"Trotz Minusgraden: Tannenbaumaktion erfolgreich\" class=\"hover-type-zoomin\"><img decoding=\"async\" width=\"177\" height=\"142\" src=\"https:\/\/cvjm-joellenbeck.de\/wp\/wp-content\/uploads\/2026\/01\/Gesamtfoto-Tannenbaumaktion-CVJM-Joe_Christoph-Knost-scaled-e1768237506755-177x142.jpg\" class=\"attachment-portfolio-five size-portfolio-five\" alt=\"\" \/><\/a><\/li><\/ul><\/div><div class=\"recent-posts-content\"><span class=\"vcard\" style=\"display: none;\"><span class=\"fn\"><a href=\"https:\/\/cvjm-joellenbeck.de\/wp\/author\/kerstin-stoll\/\" title=\"Beitr\u00e4ge von Kerstin Stoll\" rel=\"author\">Kerstin Stoll<\/a><\/span><\/span><span class=\"updated\" style=\"display:none;\">2026-01-12T18:13:10+01:00<\/span><h4 class=\"entry-title\"><a href=\"https:\/\/cvjm-joellenbeck.de\/wp\/trotz-minusgraden-tannenbaumaktion-erfolgreich\/\">Trotz Minusgraden: Tannenbaumaktion erfolgreich<\/a><\/h4><p class=\"meta\"><span class=\"vcard\" style=\"display: none;\"><span class=\"fn\"><a href=\"https:\/\/cvjm-joellenbeck.de\/wp\/author\/kerstin-stoll\/\" title=\"Beitr\u00e4ge von Kerstin Stoll\" rel=\"author\">Kerstin Stoll<\/a><\/span><\/span><span class=\"updated\" style=\"display:none;\">2026-01-12T18:13:10+01:00<\/span><span>12.01.2026<\/span><span class=\"fusion-inline-sep\">|<\/span><span class=\"fusion-comments\"><a href=\"https:\/\/cvjm-joellenbeck.de\/wp\/trotz-minusgraden-tannenbaumaktion-erfolgreich\/#respond\">0 Comments<\/a><\/span><\/p><p>CVJM trotzt Minusgraden: Tannenbaumaktion ein voller Erfolg Was f\u00fcr ein Wetter bei der diesj\u00e4hrigen Tannenbaum-Sammelaktion des CVJM J\u00f6llenbeck. Trotz Schnee, Frost und vereister Stra\u00dfen hat der CVJM die Aktion erfolgreich gemeistert. Bei eisigen Minusgraden und<a href=\"https:\/\/cvjm-joellenbeck.de\/wp\/trotz-minusgraden-tannenbaumaktion-erfolgreich\/\"> [...]<\/a><\/p><\/div><\/article><article class=\"post fusion-column column col col-lg-3 col-md-3 col-sm-3\"><div class=\"fusion-flexslider fusion-flexslider-loading flexslider floated-slideshow flexslider-hover-type-zoomin\"><ul class=\"slides\"><li><a href=\"https:\/\/cvjm-joellenbeck.de\/wp\/bauwagenprojekt\/\" aria-label=\"Bauwagenprojekt\" class=\"hover-type-zoomin\"><img decoding=\"async\" width=\"177\" height=\"142\" src=\"https:\/\/cvjm-joellenbeck.de\/wp\/wp-content\/uploads\/2025\/09\/2025-Bauwagen-1-177x142.jpg\" class=\"attachment-portfolio-five size-portfolio-five\" alt=\"\" \/><\/a><\/li><\/ul><\/div><div class=\"recent-posts-content\"><span class=\"vcard\" style=\"display: none;\"><span class=\"fn\"><a href=\"https:\/\/cvjm-joellenbeck.de\/wp\/author\/kerstin-stoll\/\" title=\"Beitr\u00e4ge von Kerstin Stoll\" rel=\"author\">Kerstin Stoll<\/a><\/span><\/span><span class=\"updated\" style=\"display:none;\">2025-09-27T21:56:00+02:00<\/span><h4 class=\"entry-title\"><a href=\"https:\/\/cvjm-joellenbeck.de\/wp\/bauwagenprojekt\/\">Bauwagenprojekt<\/a><\/h4><p class=\"meta\"><span class=\"vcard\" style=\"display: none;\"><span class=\"fn\"><a href=\"https:\/\/cvjm-joellenbeck.de\/wp\/author\/kerstin-stoll\/\" title=\"Beitr\u00e4ge von Kerstin Stoll\" rel=\"author\">Kerstin Stoll<\/a><\/span><\/span><span class=\"updated\" style=\"display:none;\">2025-09-27T21:56:00+02:00<\/span><span>27.09.2025<\/span><span class=\"fusion-inline-sep\">|<\/span><span class=\"fusion-comments\"><a href=\"https:\/\/cvjm-joellenbeck.de\/wp\/bauwagenprojekt\/#respond\">0 Comments<\/a><\/span><\/p><p>Anfang der Sommerferien standen wir mit einigen Jugendlichen auf unserem Parkplatz und blickten wehm\u00fctig auf unsere alte Fahrradwerkstatt im Bauwagen in der hinteren Ecke unseres Gel\u00e4ndes. Eigentlich eine super Idee, die auch lange gut funktioniert<a href=\"https:\/\/cvjm-joellenbeck.de\/wp\/bauwagenprojekt\/\"> [...]<\/a><\/p><\/div><\/article><\/section><\/div><div class=\"fusion-clearfix\"><\/div><\/div><\/div><\/div><\/div><\/p>\n","protected":false},"excerpt":{"rendered":"","protected":false},"author":4,"featured_media":1805,"parent":1412,"menu_order":0,"comment_status":"closed","ping_status":"closed","template":"","meta":{"footnotes":""},"class_list":["post-1421","page","type-page","status-publish","has-post-thumbnail","hentry"],"_links":{"self":[{"href":"https:\/\/cvjm-joellenbeck.de\/wp\/wp-json\/wp\/v2\/pages\/1421","targetHints":{"allow":["GET"]}}],"collection":[{"href":"https:\/\/cvjm-joellenbeck.de\/wp\/wp-json\/wp\/v2\/pages"}],"about":[{"href":"https:\/\/cvjm-joellenbeck.de\/wp\/wp-json\/wp\/v2\/types\/page"}],"author":[{"embeddable":true,"href":"https:\/\/cvjm-joellenbeck.de\/wp\/wp-json\/wp\/v2\/users\/4"}],"replies":[{"embeddable":true,"href":"https:\/\/cvjm-joellenbeck.de\/wp\/wp-json\/wp\/v2\/comments?post=1421"}],"version-history":[{"count":5,"href":"https:\/\/cvjm-joellenbeck.de\/wp\/wp-json\/wp\/v2\/pages\/1421\/revisions"}],"predecessor-version":[{"id":9025,"href":"https:\/\/cvjm-joellenbeck.de\/wp\/wp-json\/wp\/v2\/pages\/1421\/revisions\/9025"}],"up":[{"embeddable":true,"href":"https:\/\/cvjm-joellenbeck.de\/wp\/wp-json\/wp\/v2\/pages\/1412"}],"wp:featuredmedia":[{"embeddable":true,"href":"https:\/\/cvjm-joellenbeck.de\/wp\/wp-json\/wp\/v2\/media\/1805"}],"wp:attachment":[{"href":"https:\/\/cvjm-joellenbeck.de\/wp\/wp-json\/wp\/v2\/media?parent=1421"}],"curies":[{"name":"wp","href":"https:\/\/api.w.org\/{rel}","templated":true}]}}